{"id":158,"date":"2024-02-23T21:25:52","date_gmt":"2024-02-23T21:25:52","guid":{"rendered":"http:\/\/78.28.135.160\/?page_id=158"},"modified":"2024-02-24T16:47:48","modified_gmt":"2024-02-24T16:47:48","slug":"test-123","status":"publish","type":"page","link":"http:\/\/78.28.135.160\/","title":{"rendered":"Home Page"},"content":{"rendered":"\n<div class=\"wp-block-group alignfull has-global-padding is-layout-constrained wp-block-group-is-layout-constrained\">\n<div class=\"wp-block-cover alignfull\" style=\"padding-top:var(--wp--preset--spacing--30);padding-right:var(--wp--preset--spacing--30);padding-bottom:var(--wp--preset--spacing--30);padding-left:var(--wp--preset--spacing--30);min-height:50px\"><span aria-hidden=\"true\" class=\"wp-block-cover__background has-black-background-color has-background-dim\"><\/span><img loading=\"lazy\" decoding=\"async\" width=\"1366\" height=\"768\" class=\"wp-block-cover__image-background wp-image-119\" alt=\"\" src=\"http:\/\/78.28.135.160\/wp-content\/uploads\/2024\/02\/backgroundpic-1.png\" data-object-fit=\"cover\"\/><div class=\"wp-block-cover__inner-container is-layout-flow wp-block-cover-is-layout-flow\">\n<div style=\"height:33vw\" aria-hidden=\"true\" class=\"wp-block-spacer\"><\/div>\n<\/div><\/div>\n<\/div>\n\n\n\n<div class=\"wp-block-query alignwide is-layout-flow wp-block-query-is-layout-flow\">\n<h2 class=\"wp-block-heading alignwide\" id=\"katalog-usluga\"><strong>DIH IDEMO<\/strong>&nbsp;<em>katalog usluga<\/em><\/h2>\n\n\n\n<div class=\"wp-block-group is-layout-flow wp-block-group-is-layout-flow\" style=\"margin-top:0;margin-bottom:0;padding-top:var(--wp--preset--spacing--50);padding-right:0;padding-bottom:var(--wp--preset--spacing--50);padding-left:0\"><ul class=\"columns-3 alignfull wp-block-post-template is-layout-grid wp-container-core-post-template-layout-1 wp-block-post-template-is-layout-grid\"><li class=\"wp-block-post post-255 companies type-companies status-publish has-post-thumbnail hentry\">\n\n<div class=\"wp-block-group is-content-justification-center is-nowrap is-layout-flex wp-container-core-group-layout-2 wp-block-group-is-layout-flex\"><figure style=\"aspect-ratio:4\/3;width:200px; padding-bottom:var(--wp--preset--spacing--10);margin-bottom:0;\" class=\"wp-block-post-featured-image\"><a href=\"http:\/\/78.28.135.160\/?companies=supernova-bih\" target=\"_self\"  ><img loading=\"lazy\" decoding=\"async\" width=\"289\" height=\"79\" src=\"http:\/\/78.28.135.160\/wp-content\/uploads\/2024\/10\/supernova.png\" class=\"attachment-post-thumbnail size-post-thumbnail wp-post-image\" alt=\"Supernova BiH\" style=\"border-style:none;border-width:0px;width:100%;height:100%;object-fit:contain;\" \/><\/a><\/figure><\/div>\n\n\n\n<div class=\"wp-block-group is-vertical is-content-justification-center is-nowrap is-layout-flex wp-container-core-group-layout-3 wp-block-group-is-layout-flex\" style=\"margin-top:var(--wp--preset--spacing--20);padding-top:0\"><h2 class=\"has-text-align-center has-link-color has-text-color has-contrast-color wp-block-post-title has-large-font-size wp-elements-f829e7649b981ddce2867a04ddcdae49 wp-container-content-1\"><a href=\"http:\/\/78.28.135.160\/?companies=supernova-bih\" target=\"_self\" >Supernova BiH<\/a><\/h2>\n\n<div class=\"has-text-color has-contrast-2-color wp-block-post-excerpt has-small-font-size wp-container-content-2\"><p class=\"wp-block-post-excerpt__excerpt\">Supernova BiH razvila je inovativnu online platformu namijenjenu modernizaciji administrativnih procesa kroz digitalizaciju.<\/p><p class=\"wp-block-post-excerpt__more-text\"><a class=\"wp-block-post-excerpt__more-link\" href=\"http:\/\/78.28.135.160\/?companies=supernova-bih\">Pregledajte sve usluge<\/a><\/p><\/div>\n\n\n<div style=\"height:0px\" aria-hidden=\"true\" class=\"wp-block-spacer wp-container-content-3\"><\/div>\n<\/div>\n\n<\/li><li class=\"wp-block-post post-245 companies type-companies status-publish has-post-thumbnail hentry\">\n\n<div class=\"wp-block-group is-content-justification-center is-nowrap is-layout-flex wp-container-core-group-layout-4 wp-block-group-is-layout-flex\"><figure style=\"aspect-ratio:4\/3;width:200px; padding-bottom:var(--wp--preset--spacing--10);margin-bottom:0;\" class=\"wp-block-post-featured-image\"><a href=\"http:\/\/78.28.135.160\/?companies=firm-kontrol\" target=\"_self\"  ><img loading=\"lazy\" decoding=\"async\" width=\"1016\" height=\"168\" src=\"http:\/\/78.28.135.160\/wp-content\/uploads\/2024\/05\/logo_firm_kontrol-1.png\" class=\"attachment-post-thumbnail size-post-thumbnail wp-post-image\" alt=\"Firm kontrol d.o.o. \u010celinac\" style=\"border-style:none;border-width:0px;width:100%;height:100%;object-fit:contain;\" \/><\/a><\/figure><\/div>\n\n\n\n<div class=\"wp-block-group is-vertical is-content-justification-center is-nowrap is-layout-flex wp-container-core-group-layout-5 wp-block-group-is-layout-flex\" style=\"margin-top:var(--wp--preset--spacing--20);padding-top:0\"><h2 class=\"has-text-align-center has-link-color has-text-color has-contrast-color wp-block-post-title has-large-font-size wp-elements-f829e7649b981ddce2867a04ddcdae49 wp-container-content-4\"><a href=\"http:\/\/78.28.135.160\/?companies=firm-kontrol\" target=\"_self\" >Firm kontrol d.o.o. \u010celinac<\/a><\/h2>\n\n<div class=\"has-text-color has-contrast-2-color wp-block-post-excerpt has-small-font-size wp-container-content-5\"><p class=\"wp-block-post-excerpt__excerpt\">Kompanija Firm Kontrol razvila je softver za upravljanje proizvodnjom.<\/p><p class=\"wp-block-post-excerpt__more-text\"><a class=\"wp-block-post-excerpt__more-link\" href=\"http:\/\/78.28.135.160\/?companies=firm-kontrol\">Pregledajte sve usluge<\/a><\/p><\/div>\n\n\n<div style=\"height:0px\" aria-hidden=\"true\" class=\"wp-block-spacer wp-container-content-6\"><\/div>\n<\/div>\n\n<\/li><li class=\"wp-block-post post-227 companies type-companies status-publish has-post-thumbnail hentry\">\n\n<div class=\"wp-block-group is-content-justification-center is-nowrap is-layout-flex wp-container-core-group-layout-6 wp-block-group-is-layout-flex\"><figure style=\"aspect-ratio:4\/3;width:200px; padding-bottom:var(--wp--preset--spacing--10);margin-bottom:0;\" class=\"wp-block-post-featured-image\"><a href=\"http:\/\/78.28.135.160\/?companies=koming\" target=\"_self\"  ><img loading=\"lazy\" decoding=\"async\" width=\"236\" height=\"214\" src=\"http:\/\/78.28.135.160\/wp-content\/uploads\/2024\/02\/download-6.jpg\" class=\"attachment-post-thumbnail size-post-thumbnail wp-post-image\" alt=\"KOMING d.o.o. Gradi\u0161ka\" style=\"border-style:none;border-width:0px;width:100%;height:100%;object-fit:contain;\" \/><\/a><\/figure><\/div>\n\n\n\n<div class=\"wp-block-group is-vertical is-content-justification-center is-nowrap is-layout-flex wp-container-core-group-layout-7 wp-block-group-is-layout-flex\" style=\"margin-top:var(--wp--preset--spacing--20);padding-top:0\"><h2 class=\"has-text-align-center has-link-color has-text-color has-contrast-color wp-block-post-title has-large-font-size wp-elements-f829e7649b981ddce2867a04ddcdae49 wp-container-content-7\"><a href=\"http:\/\/78.28.135.160\/?companies=koming\" target=\"_self\" >KOMING d.o.o. Gradi\u0161ka<\/a><\/h2>\n\n<div class=\"has-text-color has-contrast-2-color wp-block-post-excerpt has-small-font-size wp-container-content-8\"><p class=\"wp-block-post-excerpt__excerpt\">Koming nudi veliki broj mre\u017enih rje\u0161enja i servisa, kao i sisteme tehni\u010dke za\u0161tite.<\/p><p class=\"wp-block-post-excerpt__more-text\"><a class=\"wp-block-post-excerpt__more-link\" href=\"http:\/\/78.28.135.160\/?companies=koming\">Pregledajte sve usluge<\/a><\/p><\/div>\n\n\n<div style=\"height:0px\" aria-hidden=\"true\" class=\"wp-block-spacer wp-container-content-9\"><\/div>\n<\/div>\n\n<\/li><li class=\"wp-block-post post-224 companies type-companies status-publish has-post-thumbnail hentry\">\n\n<div class=\"wp-block-group is-content-justification-center is-nowrap is-layout-flex wp-container-core-group-layout-8 wp-block-group-is-layout-flex\"><figure style=\"aspect-ratio:4\/3;width:200px; padding-bottom:var(--wp--preset--spacing--10);margin-bottom:0;\" class=\"wp-block-post-featured-image\"><a href=\"http:\/\/78.28.135.160\/?companies=net-solutions\" target=\"_self\"  ><img loading=\"lazy\" decoding=\"async\" width=\"645\" height=\"163\" src=\"http:\/\/78.28.135.160\/wp-content\/uploads\/2024\/02\/Logo2.png\" class=\"attachment-post-thumbnail size-post-thumbnail wp-post-image\" alt=\"NET Solutions d.o.o. Banja Luka\" style=\"border-style:none;border-width:0px;width:100%;height:100%;object-fit:contain;\" \/><\/a><\/figure><\/div>\n\n\n\n<div class=\"wp-block-group is-vertical is-content-justification-center is-nowrap is-layout-flex wp-container-core-group-layout-9 wp-block-group-is-layout-flex\" style=\"margin-top:var(--wp--preset--spacing--20);padding-top:0\"><h2 class=\"has-text-align-center has-link-color has-text-color has-contrast-color wp-block-post-title has-large-font-size wp-elements-f829e7649b981ddce2867a04ddcdae49 wp-container-content-10\"><a href=\"http:\/\/78.28.135.160\/?companies=net-solutions\" target=\"_self\" >NET Solutions d.o.o. Banja Luka<\/a><\/h2>\n\n<div class=\"has-text-color has-contrast-2-color wp-block-post-excerpt has-small-font-size wp-container-content-11\"><p class=\"wp-block-post-excerpt__excerpt\">Net Solutions nudi veliki broj mre\u017enih rje\u0161enja i servisa, kao i aplikativna rje\u0161enja.<\/p><p class=\"wp-block-post-excerpt__more-text\"><a class=\"wp-block-post-excerpt__more-link\" href=\"http:\/\/78.28.135.160\/?companies=net-solutions\">Pregledajte sve usluge<\/a><\/p><\/div>\n\n\n<div style=\"height:0px\" aria-hidden=\"true\" class=\"wp-block-spacer wp-container-content-12\"><\/div>\n<\/div>\n\n<\/li><li class=\"wp-block-post post-174 companies type-companies status-publish has-post-thumbnail hentry\">\n\n<div class=\"wp-block-group is-content-justification-center is-nowrap is-layout-flex wp-container-core-group-layout-10 wp-block-group-is-layout-flex\"><figure style=\"aspect-ratio:4\/3;width:200px; padding-bottom:var(--wp--preset--spacing--10);margin-bottom:0;\" class=\"wp-block-post-featured-image\"><a href=\"http:\/\/78.28.135.160\/?companies=invenit-solutions\" target=\"_self\"  ><img loading=\"lazy\" decoding=\"async\" width=\"768\" height=\"291\" src=\"http:\/\/78.28.135.160\/wp-content\/uploads\/2024\/02\/logo_cyclos.png\" class=\"attachment-post-thumbnail size-post-thumbnail wp-post-image\" alt=\"Cyclos Systems d.o.o., Banja Luka\" style=\"border-style:none;border-width:0px;width:100%;height:100%;object-fit:contain;\" \/><\/a><\/figure><\/div>\n\n\n\n<div class=\"wp-block-group is-vertical is-content-justification-center is-nowrap is-layout-flex wp-container-core-group-layout-11 wp-block-group-is-layout-flex\" style=\"margin-top:var(--wp--preset--spacing--20);padding-top:0\"><h2 class=\"has-text-align-center has-link-color has-text-color has-contrast-color wp-block-post-title has-large-font-size wp-elements-f829e7649b981ddce2867a04ddcdae49 wp-container-content-13\"><a href=\"http:\/\/78.28.135.160\/?companies=invenit-solutions\" target=\"_self\" >Cyclos Systems d.o.o., Banja Luka<\/a><\/h2>\n\n<div class=\"has-text-color has-contrast-2-color wp-block-post-excerpt has-small-font-size wp-container-content-14\"><p class=\"wp-block-post-excerpt__excerpt\">Cyclos Systems d.o.o. Banja Luka razvila je aplikaciju yoony.<\/p><p class=\"wp-block-post-excerpt__more-text\"><a class=\"wp-block-post-excerpt__more-link\" href=\"http:\/\/78.28.135.160\/?companies=invenit-solutions\">Pregledajte sve usluge<\/a><\/p><\/div>\n\n\n<div style=\"height:0px\" aria-hidden=\"true\" class=\"wp-block-spacer wp-container-content-15\"><\/div>\n<\/div>\n\n<\/li><\/ul>\n\n\n<div style=\"margin-top:0;margin-bottom:0;height:var(--wp--preset--spacing--40)\" aria-hidden=\"true\" class=\"wp-block-spacer\"><\/div>\n<\/div>\n<\/div>\n","protected":false},"excerpt":{"rendered":"","protected":false},"author":1,"featured_media":0,"parent":0,"menu_order":0,"comment_status":"closed","ping_status":"closed","template":"page-no-title","meta":{"_acf_changed":false,"footnotes":""},"acf":[],"_links":{"self":[{"href":"http:\/\/78.28.135.160\/index.php?rest_route=\/wp\/v2\/pages\/158"}],"collection":[{"href":"http:\/\/78.28.135.160\/index.php?rest_route=\/wp\/v2\/pages"}],"about":[{"href":"http:\/\/78.28.135.160\/index.php?rest_route=\/wp\/v2\/types\/page"}],"author":[{"embeddable":true,"href":"http:\/\/78.28.135.160\/index.php?rest_route=\/wp\/v2\/users\/1"}],"replies":[{"embeddable":true,"href":"http:\/\/78.28.135.160\/index.php?rest_route=%2Fwp%2Fv2%2Fcomments&post=158"}],"version-history":[{"count":12,"href":"http:\/\/78.28.135.160\/index.php?rest_route=\/wp\/v2\/pages\/158\/revisions"}],"predecessor-version":[{"id":233,"href":"http:\/\/78.28.135.160\/index.php?rest_route=\/wp\/v2\/pages\/158\/revisions\/233"}],"wp:attachment":[{"href":"http:\/\/78.28.135.160\/index.php?rest_route=%2Fwp%2Fv2%2Fmedia&parent=158"}],"curies":[{"name":"wp","href":"https:\/\/api.w.org\/{rel}","templated":true}]}}